{"id":7032,"date":"2022-08-14T13:20:48","date_gmt":"2022-08-14T11:20:48","guid":{"rendered":"https:\/\/www.walter-oetter-foto.de\/pages\/preise-walter-oetter-2\/"},"modified":"2024-12-30T14:14:02","modified_gmt":"2024-12-30T13:14:02","slug":"checkliste-walter-oetter","status":"publish","type":"page","link":"https:\/\/www.walter-oetter-foto.de\/?page_id=7032","title":{"rendered":"Checkliste"},"content":{"rendered":"<div  class=\"one withsmallpadding ppb_header \" style=\"text-align:center;padding:50px 0 50px 0;\" >\n<div class=\"standard_wrapper\">\n<div class=\"page_content_wrapper\">\n<div class=\"inner\">\n<div style=\"margin:auto;width:50%\">\n<div class=\"ppb_subtitle\" style=\"\">Fast so, als w\u00e4re man da<\/div>\n<h2 class=\"ppb_title\" style=\"\">Best Practice<\/h2>\n<hr class=\"title_break center\" style=\"\"\/>\n<div class=\"ppb_header_content\">\n<p>Was sie vorab schon wissen sollten.<\/p>\n<\/div>\n<\/div>\n<\/div>\n<\/div>\n<\/div>\n<\/div>\n<div class=\"standard_wrapper\">\n<div  class=\"two_third withsmallpadding ppb_text\" style=\"margin-bottom: 0 !important;padding:50px 0 50px 0;\" >\n<div class=\"standard_wrapper\">\n<div class=\"page_content_wrapper\">\n<div class=\"inner\">\n<div style=\"margin:auto;width:100%\">\n<h3>Was muss ich vorbereiten<\/h3>\n<p>Sie m\u00f6chten, dass eine hochaufl\u00f6sende 360\u00b0-Aufnahme von Ihrer Location f\u00fcr einen Guide erstellt wird.<\/p>\n<p>Um ein optimales Ergebnis zu erhalten, beziehen wir Sie fr\u00fchzeitig in unsere Planung mit ein. Das hilft Ihnen, alle n\u00f6tigen Vorkehrungen zu treffen und den Raum entsprechend vorzubereiten.<\/p>\n<p>Vor Beginn der Aufnahmen bekommen Sie von uns dazu eine Checkliste zugeschickt.<\/p>\n<p>Ber\u00fccksichtigen Sie bitte, dass die Panoramaaufnahmen nach der Fertigstellung und Einbindung in die Website weltweit f\u00fcr alle interessierten Besucherinnen und Besucher sichtbar sind. Nehmen Sie sich f\u00fcr die Vorbereitungen die n\u00f6tige Zeit.<\/p>\n<p>Falls der geplante Termin aus dringenden Gr\u00fcnden nicht m\u00f6glich sein sollte, k\u00f6nnen Sie uns bis 24 h vorher informieren. Wir passen die Planung dann gerne an.<\/p>\n<\/div>\n<\/div>\n<\/div>\n<\/div>\n<\/div>\n<\/div>\n<div class=\"standard_wrapper\">\n<div  class=\"one_third last withsmallpadding ppb_text\" style=\"margin-bottom: 0 !important;padding:50px 0 50px 0;\" >\n<div class=\"standard_wrapper\">\n<div class=\"page_content_wrapper\">\n<div class=\"inner\">\n<div style=\"margin:auto;width:100%\">\n<h3>Checkliste<\/h3>\n<p>Zur Vorbereitung der Aufnahmen ist es hilfreich, eine Liste mit den wichtigen Punkten vor sich zu haben. Hier k\u00f6nnen Sie sich die Liste f\u00fcr herunterladen.<\/p>\n<p><a href=\"http:\/\/www.walter-oetter-foto.de\/wp-content\/uploads\/2022\/09\/Checkliste-360-Grad-Aufnahmen-Objekte.pdf\"><u>Checkliste 360 Grad Aufnahmen<\/u><\/a><\/p>\n<\/div>\n<\/div>\n<\/div>\n<\/div>\n<\/div>\n<\/div>\n<div  class=\"one withsmallpadding ppb_text\" style=\"padding:0px 0 0px 0;\" >\n<div class=\"standard_wrapper\">\n<div class=\"page_content_wrapper\">\n<div class=\"inner\">\n<div style=\"margin:auto;width:100%\">\n<hr\/>\n<\/div>\n<\/div>\n<\/div>\n<\/div>\n<\/div>\n<div  class=\"one withsmallpadding \" >\n<div class=\"standard_wrapper\">\n<div class=\"page_content_wrapper\" style=\"text-align:center\">\n<div class=\"inner\">\n<div class=\"testimonial_slider_wrapper\">\n<div class=\"flexslider\" data-height=\"750\">\n<ul class=\"slides\">\n<li>\n<div class=\"testimonial_slider_wrapper\">Walter Oetter steht f\u00fcr anspruchsvolle und hochwertige Handwerkskunst. Die Aufnahmen von knapp 60 Markgrafenkirchen lassen dank seiner Bilder die Sakralr\u00e4ume in ihrem nat\u00fcrlichen Licht mehr als erstrahlen und jedes Detail entdecken. Als Mensch ist er h\u00f6chst unkompliziert, angenehm und engagiert-mitdenkend, eine wahre Freude in der Zusammenarbeit!<\/p>\n<div class=\"testimonial_slider_meta\">\n<h6 >Jutta Geyrhalter<\/h6>\n<div class=\"testimonial_customer_position\" >Projektmanagement LEADER-Projekt<\/div>\n<p>&#8211;<\/p>\n<div class=\"testimonial_customer_company\">Erschlie\u00dfung der Markgrafenkirchen in Oberfranken<\/div>\n<\/div>\n<\/div>\n<\/li>\n<li>\n<div class=\"testimonial_slider_wrapper\">Mit Herrn Walter Oetter stand uns Kompetenz, Zuverl\u00e4ssigkeit &amp; Freundlichkeit in Person zur Seite.<br \/>\nDie gefertigten 360\u00b0 Aufnahmen der zum LEADER-Projekt geh\u00f6renden Markgrafenkirchen \u00fcbertrafen in ihrer Qualit\u00e4t und dem Handling meine Erwartungen.<\/p>\n<div class=\"testimonial_slider_meta\">\n<h6 >Ute Steininger<\/h6>\n<div class=\"testimonial_customer_position\" >Projektassistenz LEADER-Projekt<\/div>\n<p>&#8211;<\/p>\n<div class=\"testimonial_customer_company\">Erschlie\u00dfung der Markgrafenkirchen in Oberfranken<\/div>\n<\/div>\n<\/div>\n<\/li>\n<\/ul>\n<\/div>\n<\/div>\n<\/div>\n<\/div>\n<\/div>\n<\/div>\n","protected":false},"excerpt":{"rendered":"","protected":false},"author":1,"featured_media":6656,"parent":2434,"menu_order":0,"comment_status":"closed","ping_status":"closed","template":"","meta":{"footnotes":""},"class_list":["post-7032","page","type-page","status-publish","has-post-thumbnail","hentry"],"yoast_head":"<!-- This site is optimized with the Yoast SEO plugin v27.5 - https:\/\/yoast.com\/product\/yoast-seo-wordpress\/ -->\n<title>Walter Oetter | FOTO | Checkliste f\u00fcr Kunden<\/title>\n<meta name=\"description\" content=\"Checkliste: Erstellen eines hochaufl\u00f6senden 360 Grad Panoramas von Ihrer Location. Hier steht, was Sie vorbereiten m\u00fcssen, damit alles glatt l\u00e4uft.\" \/>\n<meta name=\"robots\" content=\"index, follow, max-snippet:-1, max-image-preview:large, max-video-preview:-1\" \/>\n<link rel=\"canonical\" href=\"https:\/\/www.walter-oetter-foto.de\/?page_id=7032\" \/>\n<meta property=\"og:locale\" content=\"de_DE\" \/>\n<meta property=\"og:type\" content=\"article\" \/>\n<meta property=\"og:title\" content=\"Walter Oetter | FOTO | Checkliste f\u00fcr Kunden\" \/>\n<meta property=\"og:description\" content=\"Checkliste: Erstellen eines hochaufl\u00f6senden 360 Grad Panoramas von Ihrer Location. Hier steht, was Sie vorbereiten m\u00fcssen, damit alles glatt l\u00e4uft.\" \/>\n<meta property=\"og:url\" content=\"https:\/\/www.walter-oetter-foto.de\/?page_id=7032\" \/>\n<meta property=\"og:site_name\" content=\"Walter Oetter | FOTO\" \/>\n<meta property=\"article:modified_time\" content=\"2024-12-30T13:14:02+00:00\" \/>\n<meta property=\"og:image\" content=\"http:\/\/www.walter-oetter-foto.de\/wp-content\/uploads\/2022\/08\/53-05.jpg\" \/>\n\t<meta property=\"og:image:width\" content=\"2000\" \/>\n\t<meta property=\"og:image:height\" content=\"1333\" \/>\n\t<meta property=\"og:image:type\" content=\"image\/jpeg\" \/>\n<meta name=\"twitter:card\" content=\"summary_large_image\" \/>\n<meta name=\"twitter:label1\" content=\"Gesch\u00e4tzte Lesezeit\" \/>\n\t<meta name=\"twitter:data1\" content=\"2\u00a0Minuten\" \/>\n<script type=\"application\/ld+json\" class=\"yoast-schema-graph\">{\"@context\":\"https:\\\/\\\/schema.org\",\"@graph\":[{\"@type\":\"WebPage\",\"@id\":\"https:\\\/\\\/www.walter-oetter-foto.de\\\/?page_id=7032\",\"url\":\"https:\\\/\\\/www.walter-oetter-foto.de\\\/?page_id=7032\",\"name\":\"Walter Oetter | FOTO | Checkliste f\u00fcr Kunden\",\"isPartOf\":{\"@id\":\"https:\\\/\\\/www.walter-oetter-foto.de\\\/#website\"},\"primaryImageOfPage\":{\"@id\":\"https:\\\/\\\/www.walter-oetter-foto.de\\\/?page_id=7032#primaryimage\"},\"image\":{\"@id\":\"https:\\\/\\\/www.walter-oetter-foto.de\\\/?page_id=7032#primaryimage\"},\"thumbnailUrl\":\"https:\\\/\\\/www.walter-oetter-foto.de\\\/wp-content\\\/uploads\\\/2022\\\/08\\\/53-05.jpg\",\"datePublished\":\"2022-08-14T11:20:48+00:00\",\"dateModified\":\"2024-12-30T13:14:02+00:00\",\"description\":\"Checkliste: Erstellen eines hochaufl\u00f6senden 360 Grad Panoramas von Ihrer Location. Hier steht, was Sie vorbereiten m\u00fcssen, damit alles glatt l\u00e4uft.\",\"breadcrumb\":{\"@id\":\"https:\\\/\\\/www.walter-oetter-foto.de\\\/?page_id=7032#breadcrumb\"},\"inLanguage\":\"de\",\"potentialAction\":[{\"@type\":\"ReadAction\",\"target\":[\"https:\\\/\\\/www.walter-oetter-foto.de\\\/?page_id=7032\"]}]},{\"@type\":\"ImageObject\",\"inLanguage\":\"de\",\"@id\":\"https:\\\/\\\/www.walter-oetter-foto.de\\\/?page_id=7032#primaryimage\",\"url\":\"https:\\\/\\\/www.walter-oetter-foto.de\\\/wp-content\\\/uploads\\\/2022\\\/08\\\/53-05.jpg\",\"contentUrl\":\"https:\\\/\\\/www.walter-oetter-foto.de\\\/wp-content\\\/uploads\\\/2022\\\/08\\\/53-05.jpg\",\"width\":2000,\"height\":1333},{\"@type\":\"BreadcrumbList\",\"@id\":\"https:\\\/\\\/www.walter-oetter-foto.de\\\/?page_id=7032#breadcrumb\",\"itemListElement\":[{\"@type\":\"ListItem\",\"position\":1,\"name\":\"Startseite\",\"item\":\"https:\\\/\\\/www.walter-oetter-foto.de\\\/\"},{\"@type\":\"ListItem\",\"position\":2,\"name\":\"Pages\",\"item\":\"https:\\\/\\\/www.walter-oetter-foto.de\\\/?page_id=2434\"},{\"@type\":\"ListItem\",\"position\":3,\"name\":\"Checkliste\"}]},{\"@type\":\"WebSite\",\"@id\":\"https:\\\/\\\/www.walter-oetter-foto.de\\\/#website\",\"url\":\"https:\\\/\\\/www.walter-oetter-foto.de\\\/\",\"name\":\"Walter Oetter | FOTO\",\"description\":\"Ultrahochaufl\u00f6sende 360 Grad Panoramas\",\"publisher\":{\"@id\":\"https:\\\/\\\/www.walter-oetter-foto.de\\\/#organization\"},\"potentialAction\":[{\"@type\":\"SearchAction\",\"target\":{\"@type\":\"EntryPoint\",\"urlTemplate\":\"https:\\\/\\\/www.walter-oetter-foto.de\\\/?s={search_term_string}\"},\"query-input\":{\"@type\":\"PropertyValueSpecification\",\"valueRequired\":true,\"valueName\":\"search_term_string\"}}],\"inLanguage\":\"de\"},{\"@type\":\"Organization\",\"@id\":\"https:\\\/\\\/www.walter-oetter-foto.de\\\/#organization\",\"name\":\"Walter Oetter | FOTOGRAFIE\",\"url\":\"https:\\\/\\\/www.walter-oetter-foto.de\\\/\",\"logo\":{\"@type\":\"ImageObject\",\"inLanguage\":\"de\",\"@id\":\"https:\\\/\\\/www.walter-oetter-foto.de\\\/#\\\/schema\\\/logo\\\/image\\\/\",\"url\":\"https:\\\/\\\/www.walter-oetter-foto.de\\\/wp-content\\\/uploads\\\/2022\\\/08\\\/Logo-Fotografie-e1659622671944.png\",\"contentUrl\":\"https:\\\/\\\/www.walter-oetter-foto.de\\\/wp-content\\\/uploads\\\/2022\\\/08\\\/Logo-Fotografie-e1659622671944.png\",\"width\":400,\"height\":100,\"caption\":\"Walter Oetter | FOTOGRAFIE\"},\"image\":{\"@id\":\"https:\\\/\\\/www.walter-oetter-foto.de\\\/#\\\/schema\\\/logo\\\/image\\\/\"}}]}<\/script>\n<!-- \/ Yoast SEO plugin. -->","yoast_head_json":{"title":"Walter Oetter | FOTO | Checkliste f\u00fcr Kunden","description":"Checkliste: Erstellen eines hochaufl\u00f6senden 360 Grad Panoramas von Ihrer Location. Hier steht, was Sie vorbereiten m\u00fcssen, damit alles glatt l\u00e4uft.","robots":{"index":"index","follow":"follow","max-snippet":"max-snippet:-1","max-image-preview":"max-image-preview:large","max-video-preview":"max-video-preview:-1"},"canonical":"https:\/\/www.walter-oetter-foto.de\/?page_id=7032","og_locale":"de_DE","og_type":"article","og_title":"Walter Oetter | FOTO | Checkliste f\u00fcr Kunden","og_description":"Checkliste: Erstellen eines hochaufl\u00f6senden 360 Grad Panoramas von Ihrer Location. Hier steht, was Sie vorbereiten m\u00fcssen, damit alles glatt l\u00e4uft.","og_url":"https:\/\/www.walter-oetter-foto.de\/?page_id=7032","og_site_name":"Walter Oetter | FOTO","article_modified_time":"2024-12-30T13:14:02+00:00","og_image":[{"width":2000,"height":1333,"url":"http:\/\/www.walter-oetter-foto.de\/wp-content\/uploads\/2022\/08\/53-05.jpg","type":"image\/jpeg"}],"twitter_card":"summary_large_image","twitter_misc":{"Gesch\u00e4tzte Lesezeit":"2\u00a0Minuten"},"schema":{"@context":"https:\/\/schema.org","@graph":[{"@type":"WebPage","@id":"https:\/\/www.walter-oetter-foto.de\/?page_id=7032","url":"https:\/\/www.walter-oetter-foto.de\/?page_id=7032","name":"Walter Oetter | FOTO | Checkliste f\u00fcr Kunden","isPartOf":{"@id":"https:\/\/www.walter-oetter-foto.de\/#website"},"primaryImageOfPage":{"@id":"https:\/\/www.walter-oetter-foto.de\/?page_id=7032#primaryimage"},"image":{"@id":"https:\/\/www.walter-oetter-foto.de\/?page_id=7032#primaryimage"},"thumbnailUrl":"https:\/\/www.walter-oetter-foto.de\/wp-content\/uploads\/2022\/08\/53-05.jpg","datePublished":"2022-08-14T11:20:48+00:00","dateModified":"2024-12-30T13:14:02+00:00","description":"Checkliste: Erstellen eines hochaufl\u00f6senden 360 Grad Panoramas von Ihrer Location. Hier steht, was Sie vorbereiten m\u00fcssen, damit alles glatt l\u00e4uft.","breadcrumb":{"@id":"https:\/\/www.walter-oetter-foto.de\/?page_id=7032#breadcrumb"},"inLanguage":"de","potentialAction":[{"@type":"ReadAction","target":["https:\/\/www.walter-oetter-foto.de\/?page_id=7032"]}]},{"@type":"ImageObject","inLanguage":"de","@id":"https:\/\/www.walter-oetter-foto.de\/?page_id=7032#primaryimage","url":"https:\/\/www.walter-oetter-foto.de\/wp-content\/uploads\/2022\/08\/53-05.jpg","contentUrl":"https:\/\/www.walter-oetter-foto.de\/wp-content\/uploads\/2022\/08\/53-05.jpg","width":2000,"height":1333},{"@type":"BreadcrumbList","@id":"https:\/\/www.walter-oetter-foto.de\/?page_id=7032#breadcrumb","itemListElement":[{"@type":"ListItem","position":1,"name":"Startseite","item":"https:\/\/www.walter-oetter-foto.de\/"},{"@type":"ListItem","position":2,"name":"Pages","item":"https:\/\/www.walter-oetter-foto.de\/?page_id=2434"},{"@type":"ListItem","position":3,"name":"Checkliste"}]},{"@type":"WebSite","@id":"https:\/\/www.walter-oetter-foto.de\/#website","url":"https:\/\/www.walter-oetter-foto.de\/","name":"Walter Oetter | FOTO","description":"Ultrahochaufl\u00f6sende 360 Grad Panoramas","publisher":{"@id":"https:\/\/www.walter-oetter-foto.de\/#organization"},"potentialAction":[{"@type":"SearchAction","target":{"@type":"EntryPoint","urlTemplate":"https:\/\/www.walter-oetter-foto.de\/?s={search_term_string}"},"query-input":{"@type":"PropertyValueSpecification","valueRequired":true,"valueName":"search_term_string"}}],"inLanguage":"de"},{"@type":"Organization","@id":"https:\/\/www.walter-oetter-foto.de\/#organization","name":"Walter Oetter | FOTOGRAFIE","url":"https:\/\/www.walter-oetter-foto.de\/","logo":{"@type":"ImageObject","inLanguage":"de","@id":"https:\/\/www.walter-oetter-foto.de\/#\/schema\/logo\/image\/","url":"https:\/\/www.walter-oetter-foto.de\/wp-content\/uploads\/2022\/08\/Logo-Fotografie-e1659622671944.png","contentUrl":"https:\/\/www.walter-oetter-foto.de\/wp-content\/uploads\/2022\/08\/Logo-Fotografie-e1659622671944.png","width":400,"height":100,"caption":"Walter Oetter | FOTOGRAFIE"},"image":{"@id":"https:\/\/www.walter-oetter-foto.de\/#\/schema\/logo\/image\/"}}]}},"_links":{"self":[{"href":"https:\/\/www.walter-oetter-foto.de\/index.php?rest_route=\/wp\/v2\/pages\/7032","targetHints":{"allow":["GET"]}}],"collection":[{"href":"https:\/\/www.walter-oetter-foto.de\/index.php?rest_route=\/wp\/v2\/pages"}],"about":[{"href":"https:\/\/www.walter-oetter-foto.de\/index.php?rest_route=\/wp\/v2\/types\/page"}],"author":[{"embeddable":true,"href":"https:\/\/www.walter-oetter-foto.de\/index.php?rest_route=\/wp\/v2\/users\/1"}],"replies":[{"embeddable":true,"href":"https:\/\/www.walter-oetter-foto.de\/index.php?rest_route=%2Fwp%2Fv2%2Fcomments&post=7032"}],"version-history":[{"count":83,"href":"https:\/\/www.walter-oetter-foto.de\/index.php?rest_route=\/wp\/v2\/pages\/7032\/revisions"}],"predecessor-version":[{"id":7822,"href":"https:\/\/www.walter-oetter-foto.de\/index.php?rest_route=\/wp\/v2\/pages\/7032\/revisions\/7822"}],"up":[{"embeddable":true,"href":"https:\/\/www.walter-oetter-foto.de\/index.php?rest_route=\/wp\/v2\/pages\/2434"}],"wp:featuredmedia":[{"embeddable":true,"href":"https:\/\/www.walter-oetter-foto.de\/index.php?rest_route=\/wp\/v2\/media\/6656"}],"wp:attachment":[{"href":"https:\/\/www.walter-oetter-foto.de\/index.php?rest_route=%2Fwp%2Fv2%2Fmedia&parent=7032"}],"curies":[{"name":"wp","href":"https:\/\/api.w.org\/{rel}","templated":true}]}}